{"id":109,"date":"2016-12-31T16:06:42","date_gmt":"2016-12-31T16:06:42","guid":{"rendered":"http:\/\/www.hiro.cz\/?page_id=109"},"modified":"2016-12-31T16:23:06","modified_gmt":"2016-12-31T16:23:06","slug":"nakup-medii","status":"publish","type":"page","link":"https:\/\/www.hiro.cz\/?page_id=109","title":{"rendered":"N\u00e1kup medi\u00ed"},"content":{"rendered":"<h2>Hled\u00e1te \u0159e\u0161en\u00ed pro n\u00e1kup a pl\u00e1nov\u00e1n\u00ed medi\u00ed?<\/h2>\n<p>Nab\u00edz\u00edme n\u00e1kupem, pl\u00e1nov\u00e1n\u00edm a n\u00e1vrhy strategi\u00ed jak pro digit\u00e1ln\u00ed tak i pro tradi\u010dn\u00ed media jako OOH, dopravn\u00ed prost\u0159edky i tisk.<\/p>\n<p>Nev\u011b\u0159\u00edme na univerz\u00e1ln\u00ed \u0159e\u0161en\u00ed. Pro ka\u017edou kampa\u0148 hled\u00e1me nejefektivn\u011bj\u0161\u00ed zp\u016fsob, jak doru\u010dit Va\u0161e sd\u011blen\u00ed Va\u0161im z\u00e1kazn\u00edk\u016fm.<\/p>\n<div id='gallery-1' class='gallery galleryid-109 gallery-columns-3 gallery-size-thumbnail'><figure class='gallery-item'>\n\t\t\t<div class='gallery-icon landscape'>\n\t\t\t\t<a href='https:\/\/www.hiro.cz\/?attachment_id=111'><img width=\"150\" height=\"150\" src=\"https:\/\/www.hiro.cz\/wp-content\/uploads\/2016\/12\/aktualne-branding-150x150.png\" class=\"attachment-thumbnail size-thumbnail\" alt=\"\" loading=\"lazy\" \/><\/a>\n\t\t\t<\/div><\/figure><figure class='gallery-item'>\n\t\t\t<div class='gallery-icon landscape'>\n\t\t\t\t<a href='https:\/\/www.hiro.cz\/?attachment_id=112'><img width=\"150\" height=\"150\" src=\"https:\/\/www.hiro.cz\/wp-content\/uploads\/2016\/12\/DEP-150x150.png\" class=\"attachment-thumbnail size-thumbnail\" alt=\"\" loading=\"lazy\" \/><\/a>\n\t\t\t<\/div><\/figure><figure class='gallery-item'>\n\t\t\t<div class='gallery-icon landscape'>\n\t\t\t\t<a href='https:\/\/www.hiro.cz\/?attachment_id=113'><img width=\"150\" height=\"150\" src=\"https:\/\/www.hiro.cz\/wp-content\/uploads\/2016\/12\/jrd-sport-150x150.png\" class=\"attachment-thumbnail size-thumbnail\" alt=\"\" loading=\"lazy\" \/><\/a>\n\t\t\t<\/div><\/figure><figure class='gallery-item'>\n\t\t\t<div class='gallery-icon landscape'>\n\t\t\t\t<a href='https:\/\/www.hiro.cz\/?attachment_id=114'><img width=\"150\" height=\"150\" src=\"https:\/\/www.hiro.cz\/wp-content\/uploads\/2016\/12\/nuselak-150x150.png\" class=\"attachment-thumbnail size-thumbnail\" alt=\"\" loading=\"lazy\" \/><\/a>\n\t\t\t<\/div><\/figure>\n\t\t<\/div>\n\n","protected":false},"excerpt":{"rendered":"<p>Hled\u00e1te \u0159e\u0161en\u00ed pro n\u00e1kup a pl\u00e1nov\u00e1n\u00ed medi\u00ed? Nab\u00edz\u00edme n\u00e1kupem, pl\u00e1nov\u00e1n\u00edm a n\u00e1vrhy strategi\u00ed jak pro digit\u00e1ln\u00ed tak i pro tradi\u010dn\u00ed media jako OOH, dopravn\u00ed prost\u0159edky i tisk. Nev\u011b\u0159\u00edme na univerz\u00e1ln\u00ed \u0159e\u0161en\u00ed. Pro ka\u017edou kampa\u0148 hled\u00e1me nejefektivn\u011bj\u0161\u00ed zp\u016fsob, jak doru\u010dit Va\u0161e sd\u011blen\u00ed Va\u0161im z\u00e1kazn\u00edk\u016fm.<\/p>\n","protected":false},"author":1,"featured_media":0,"parent":0,"menu_order":0,"comment_status":"closed","ping_status":"closed","template":"","meta":[],"_links":{"self":[{"href":"https:\/\/www.hiro.cz\/index.php?rest_route=\/wp\/v2\/pages\/109"}],"collection":[{"href":"https:\/\/www.hiro.cz\/index.php?rest_route=\/wp\/v2\/pages"}],"about":[{"href":"https:\/\/www.hiro.cz\/index.php?rest_route=\/wp\/v2\/types\/page"}],"author":[{"embeddable":true,"href":"https:\/\/www.hiro.cz\/index.php?rest_route=\/wp\/v2\/users\/1"}],"replies":[{"embeddable":true,"href":"https:\/\/www.hiro.cz\/index.php?rest_route=%2Fwp%2Fv2%2Fcomments&post=109"}],"version-history":[{"count":2,"href":"https:\/\/www.hiro.cz\/index.php?rest_route=\/wp\/v2\/pages\/109\/revisions"}],"predecessor-version":[{"id":115,"href":"https:\/\/www.hiro.cz\/index.php?rest_route=\/wp\/v2\/pages\/109\/revisions\/115"}],"wp:attachment":[{"href":"https:\/\/www.hiro.cz\/index.php?rest_route=%2Fwp%2Fv2%2Fmedia&parent=109"}],"curies":[{"name":"wp","href":"https:\/\/api.w.org\/{rel}","templated":true}]}}