{"id":18,"date":"2013-08-29T19:22:27","date_gmt":"2013-08-29T19:22:27","guid":{"rendered":"http:\/\/www.hiro.cz\/?page_id=18"},"modified":"2014-09-02T20:16:03","modified_gmt":"2014-09-02T20:16:03","slug":"eset-antivirus","status":"publish","type":"page","link":"https:\/\/www.hiro.cz\/?page_id=18","title":{"rendered":"ESET Antivirus"},"content":{"rendered":"<p>Hiro, s. r. o. je certifikovan\u00fdm dodavatelem antivirov\u00fdch \u0159e\u0161en\u00ed spole\u010dnosti ESET ji\u017e od roku 2007.<\/p>\n<p><a href=\"?cat=2\">aktu\u00e1ln\u00ed akce<\/a><\/p>\n","protected":false},"excerpt":{"rendered":"<p>Hiro, s. r. o. je certifikovan\u00fdm dodavatelem antivirov\u00fdch \u0159e\u0161en\u00ed spole\u010dnosti ESET ji\u017e od roku 2007. aktu\u00e1ln\u00ed akce<\/p>\n","protected":false},"author":1,"featured_media":19,"parent":0,"menu_order":0,"comment_status":"open","ping_status":"closed","template":"","meta":[],"_links":{"self":[{"href":"https:\/\/www.hiro.cz\/index.php?rest_route=\/wp\/v2\/pages\/18"}],"collection":[{"href":"https:\/\/www.hiro.cz\/index.php?rest_route=\/wp\/v2\/pages"}],"about":[{"href":"https:\/\/www.hiro.cz\/index.php?rest_route=\/wp\/v2\/types\/page"}],"author":[{"embeddable":true,"href":"https:\/\/www.hiro.cz\/index.php?rest_route=\/wp\/v2\/users\/1"}],"replies":[{"embeddable":true,"href":"https:\/\/www.hiro.cz\/index.php?rest_route=%2Fwp%2Fv2%2Fcomments&post=18"}],"version-history":[{"count":3,"href":"https:\/\/www.hiro.cz\/index.php?rest_route=\/wp\/v2\/pages\/18\/revisions"}],"predecessor-version":[{"id":42,"href":"https:\/\/www.hiro.cz\/index.php?rest_route=\/wp\/v2\/pages\/18\/revisions\/42"}],"wp:featuredmedia":[{"embeddable":true,"href":"https:\/\/www.hiro.cz\/index.php?rest_route=\/wp\/v2\/media\/19"}],"wp:attachment":[{"href":"https:\/\/www.hiro.cz\/index.php?rest_route=%2Fwp%2Fv2%2Fmedia&parent=18"}],"curies":[{"name":"wp","href":"https:\/\/api.w.org\/{rel}","templated":true}]}}