{"id":7,"date":"2013-08-28T19:45:02","date_gmt":"2013-08-28T19:45:02","guid":{"rendered":"http:\/\/www.hiro.cz\/?page_id=7"},"modified":"2016-11-01T14:20:36","modified_gmt":"2016-11-01T14:20:36","slug":"pro-zakaznici-customers","status":"publish","type":"page","link":"https:\/\/www.hiro.cz\/?page_id=7","title":{"rendered":"Hosting z\u00e1kazn\u00edci"},"content":{"rendered":"<h2>Webov\u00fd klient k emailov\u00fdm slu\u017eb\u00e1m &#8211; Webmail Access to Mailboxes<\/h2>\n<p><a href=\"http:\/\/webmail2.hiro.cz\/\">http:\/\/webmail2.hiro.cz\/<\/a>\u00a0(squirrelmail) nebo http:\/\/posta.hiro.cz (roundcube)<\/p>\n<p>K p\u0159\u00edhl\u00e1\u0161en\u00ed se pou\u017e\u00edv\u00e1 p\u0159ihla\u0161ovac\u00ed jm\u00e9no, kter\u00e9 jste obdr\u017eeli p\u0159i z\u0159\u00edzen\u00ed slu\u017eby.<\/p>\n<h2>Nastaven\u00ed klienta (Outlook\/Thunderbird atd)<\/h2>\n<p>Server pro p\u0159\u00edchoz\u00ed i odchoz\u00ed slu\u017ebu smtp.hiro.cz<\/p>\n<p>Pou\u017e\u00edt SSL &#8211; ne<\/p>\n<p>Server pro odchoz\u00ed po\u0161tu vy\u017eaduje ov\u011b\u0159en\u00ed &#8211; ano<\/p>\n<p>&nbsp;<\/p>\n<p>&nbsp;<\/p>\n","protected":false},"excerpt":{"rendered":"<p>Webov\u00fd klient k emailov\u00fdm slu\u017eb\u00e1m &#8211; Webmail Access to Mailboxes http:\/\/webmail2.hiro.cz\/\u00a0(squirrelmail) nebo http:\/\/posta.hiro.cz (roundcube) K p\u0159\u00edhl\u00e1\u0161en\u00ed se pou\u017e\u00edv\u00e1 p\u0159ihla\u0161ovac\u00ed jm\u00e9no, kter\u00e9 jste obdr\u017eeli p\u0159i z\u0159\u00edzen\u00ed slu\u017eby. Nastaven\u00ed klienta (Outlook\/Thunderbird atd) Server pro p\u0159\u00edchoz\u00ed i odchoz\u00ed slu\u017ebu smtp.hiro.cz Pou\u017e\u00edt SSL &#8211; ne Server pro odchoz\u00ed po\u0161tu vy\u017eaduje ov\u011b\u0159en\u00ed &#8211; ano &nbsp; &nbsp;<\/p>\n","protected":false},"author":1,"featured_media":0,"parent":0,"menu_order":0,"comment_status":"closed","ping_status":"closed","template":"","meta":[],"_links":{"self":[{"href":"https:\/\/www.hiro.cz\/index.php?rest_route=\/wp\/v2\/pages\/7"}],"collection":[{"href":"https:\/\/www.hiro.cz\/index.php?rest_route=\/wp\/v2\/pages"}],"about":[{"href":"https:\/\/www.hiro.cz\/index.php?rest_route=\/wp\/v2\/types\/page"}],"author":[{"embeddable":true,"href":"https:\/\/www.hiro.cz\/index.php?rest_route=\/wp\/v2\/users\/1"}],"replies":[{"embeddable":true,"href":"https:\/\/www.hiro.cz\/index.php?rest_route=%2Fwp%2Fv2%2Fcomments&post=7"}],"version-history":[{"count":7,"href":"https:\/\/www.hiro.cz\/index.php?rest_route=\/wp\/v2\/pages\/7\/revisions"}],"predecessor-version":[{"id":105,"href":"https:\/\/www.hiro.cz\/index.php?rest_route=\/wp\/v2\/pages\/7\/revisions\/105"}],"wp:attachment":[{"href":"https:\/\/www.hiro.cz\/index.php?rest_route=%2Fwp%2Fv2%2Fmedia&parent=7"}],"curies":[{"name":"wp","href":"https:\/\/api.w.org\/{rel}","templated":true}]}}